{"id":12,"date":"2023-09-21T19:23:12","date_gmt":"2023-09-21T17:23:12","guid":{"rendered":"https:\/\/recese.com\/?page_id=12"},"modified":"2024-02-16T19:15:04","modified_gmt":"2024-02-16T18:15:04","slug":"agentura-recese-s-r-o","status":"publish","type":"page","link":"https:\/\/recese.com\/","title":{"rendered":"Agentura Recese s. r. o."},"content":{"rendered":"\n<h2 class=\"wp-block-heading\">Z\u00edskat pozornost, z\u016fstat v pam\u011bti<\/h2>\n\n\n\n<p><strong>Na\u0161e slu\u017eby: pron\u00e1jem a obsluha audio vizu\u00e1ln\u00ed techniky, v\u00fdroba multimedi\u00e1ln\u00edch prezentac\u00ed, prezentace na soci\u00e1ln\u00edch s\u00edt\u00edch a v m\u00e9di\u00edch<\/strong>.<br>V dne\u0161n\u00ed digit\u00e1ln\u00ed \u00e9\u0159e je kl\u00ed\u010dem k \u00fasp\u011bchu schopnost vytvo\u0159it v\u00fdraznou a nezapomenutelnou p\u0159\u00edtomnost online. V tom v\u00e1m m\u016f\u017eeme pomoci!<\/p>\n\n\n\n<h2 class=\"wp-block-heading\"><strong>O n\u00e1s<\/strong><\/h2>\n\n\n\n<p>Jsme t\u00fdm nad\u0161en\u00fdch odborn\u00edk\u016f s dlouholet\u00fdmi zku\u0161enostmi v oblasti televizn\u00edho zpravodajstv\u00ed, PR a soci\u00e1ln\u00edch m\u00e9di\u00ed, kte\u0159\u00ed se specializuj\u00ed na pron\u00e1jem a obsluhu nejmodern\u011bj\u0161\u00edho vybaven\u00ed pro va\u0161e ud\u00e1losti a projekty, tvorbu multimedi\u00e1ln\u00edch prezentac\u00ed a efektivn\u00ed zastoupen\u00ed na soci\u00e1ln\u00edch s\u00edt\u00edch a v r\u016fzn\u00fdch medi\u00e1ln\u00edch kan\u00e1lech. S dlouholet\u00fdmi zku\u0161enostmi v oboru jsme se stali spolehliv\u00fdm partnerem pro firmy i jednotlivce, kte\u0159\u00ed cht\u011bj\u00ed vytvo\u0159it nezapomenuteln\u00e9 audiovizu\u00e1ln\u00ed z\u00e1\u017eitky.<\/p>\n\n\n\n<h2 class=\"wp-block-heading\"><strong>Na\u0161e slu\u017eby<\/strong><\/h2>\n\n\n\n<p><strong>Pron\u00e1jem a obsluha audiovizu\u00e1ln\u00ed techniky<\/strong><br>Nab\u00edz\u00edme \u0161irokou \u0161k\u00e1lu technologick\u00fdch \u0159e\u0161en\u00ed, kter\u00e1 jsou kl\u00ed\u010dov\u00fdm prvkem ka\u017ed\u00e9ho \u00fasp\u011b\u0161n\u00e9ho projektu. Od prom\u00edtac\u00edch za\u0159\u00edzen\u00ed a ozvu\u010den\u00ed a\u017e po interaktivn\u00ed displeje a osv\u011btlen\u00ed &#8211; m\u00e1me v\u0161e, co pot\u0159ebujete pro ostr\u00fd obraz a \u010dist\u00fd zvuk.<\/p>\n\n\n\n<p><strong>V\u00fdroba multimedi\u00e1ln\u00edch prezentac\u00ed<\/strong><br>N\u00e1\u0161 t\u00fdm kreativn\u00edch profesion\u00e1l\u016f v\u00e1m pom\u016f\u017ee p\u0159em\u011bnit va\u0161e my\u0161lenky do poutav\u00fdch vizu\u00e1ln\u00edch prezentac\u00ed. S vyu\u017eit\u00edm nejnov\u011bj\u0161\u00edch technologi\u00ed a designov\u00fdch postup\u016f vytvo\u0159\u00edme prezentace, kter\u00e9 zanechaj\u00ed nezapomenuteln\u00fd dojem na va\u0161i c\u00edlovou skupinu.<\/p>\n\n\n\n<p><strong>Prezentace na soci\u00e1ln\u00edch s\u00edt\u00edch a v m\u00e9di\u00edch<\/strong><br>V dne\u0161n\u00edm digit\u00e1ln\u00edm sv\u011bt\u011b je kl\u00ed\u010dov\u00e9 oslovit svou c\u00edlovou skupinu spr\u00e1vn\u00fdm zp\u016fsobem. Pom\u00e1h\u00e1me v\u00e1m vytv\u00e1\u0159et atraktivn\u00ed obsah pro soci\u00e1ln\u00ed s\u00edt\u011b a dal\u0161\u00ed online platformy, kter\u00fd v\u00e1s p\u0159ibl\u00ed\u017e\u00ed k va\u0161im z\u00e1kazn\u00edk\u016fm.<\/p>\n\n\n\n<h2 class=\"wp-block-heading\"><strong>Pro\u010d si vybrat n\u00e1s?<\/strong><\/h2>\n\n\n\n<ul class=\"wp-block-list\">\n<li><strong>Profesion\u00e1ln\u00ed p\u0159\u00edstup:<\/strong> Ka\u017ed\u00fd projekt je pro n\u00e1s jedine\u010dn\u00fd. P\u0159istupujeme k n\u011bmu s p\u00e9\u010d\u00ed a odbornost\u00ed, kter\u00e1 zaru\u010duje optim\u00e1ln\u00ed v\u00fdsledky.<\/li>\n\n\n\n<li><strong>Zku\u0161enost:<\/strong> M\u00e1me bohat\u00e9 zku\u0161enosti v oblasti m\u00e9di\u00ed, audiovizu\u00e1ln\u00ed techniky a multimedi\u00e1ln\u00ed produkce.<\/li>\n\n\n\n<li><strong>Inovace a technologie:<\/strong> Dr\u017e\u00edme krok s nejnov\u011bj\u0161\u00edmi trendy a technologiemi, abychom v\u00e1m mohli nab\u00eddnout to nejlep\u0161\u00ed.<\/li>\n\n\n\n<li><strong>Kreativita a originalita:<\/strong> Jsme v\u00e1\u0161 kreativn\u00ed partner. Spole\u010dn\u011b s v\u00e1mi vytvo\u0159\u00edme unik\u00e1tn\u00ed projekty, kter\u00e9 oslov\u00ed va\u0161i c\u00edlovou skupinu.<\/li>\n\n\n\n<li><strong>Spolehlivost:<\/strong> Na\u0161e slu\u017eby jsou spolehliv\u00e9 a v\u017edy se sna\u017e\u00edme splnit o trochu v\u00edc, ne\u017e od n\u00e1s o\u010dek\u00e1v\u00e1te.<\/li>\n<\/ul>\n\n\n\n<h2 class=\"wp-block-heading\"><strong>Kontaktujte n\u00e1s!&nbsp;<\/strong><\/h2>\n\n\n\n<p>Nenechte svou zna\u010dku zmizet v anonymit\u011b online sv\u011bta. Z\u00edskejte pozornost, z\u016fsta\u0148te v pam\u011bti a budujte sv\u016fj \u00fasp\u011bch s na\u0161imi slu\u017ebami.<\/p>\n\n\n\n<p><a href=\"mailto:robert.panek@recese.com\"><strong>Kontaktujte n\u00e1s<\/strong><\/a> a zjist\u011bte, jak v\u00e1m m\u016f\u017eeme pomoci zv\u00fd\u0161it viditelnost va\u0161\u00ed zna\u010dky online.\u00a0<br>Va\u0161e \u00fasp\u011b\u0161n\u00e1 prezentace za\u010d\u00edn\u00e1 tady a te\u010f.<\/p>\n","protected":false},"excerpt":{"rendered":"<p>Z\u00edskat pozornost, z\u016fstat v pam\u011bti Na\u0161e slu\u017eby: pron\u00e1jem a obsluha audio vizu\u00e1ln\u00ed techniky, v\u00fdroba multimedi\u00e1ln\u00edch prezentac\u00ed, prezentace na soci\u00e1ln\u00edch s\u00edt\u00edch a v m\u00e9di\u00edch.V dne\u0161n\u00ed digit\u00e1ln\u00ed \u00e9\u0159e je kl\u00ed\u010dem k \u00fasp\u011bchu schopnost vytvo\u0159it v\u00fdraznou a nezapomenutelnou p\u0159\u00edtomnost online. V tom v\u00e1m m\u016f\u017eeme pomoci! O n\u00e1s Jsme t\u00fdm nad\u0161en\u00fdch odborn\u00edk\u016f s dlouholet\u00fdmi zku\u0161enostmi v oblasti televizn\u00edho zpravodajstv\u00ed,&#8230;<\/p>\n","protected":false},"author":1,"featured_media":0,"parent":0,"menu_order":0,"comment_status":"closed","ping_status":"closed","template":"","meta":{"_kad_post_transparent":"","_kad_post_title":"","_kad_post_layout":"","_kad_post_sidebar_id":"","_kad_post_content_style":"","_kad_post_vertical_padding":"","_kad_post_feature":"","_kad_post_feature_position":"","_kad_post_header":false,"_kad_post_footer":false,"_kad_post_classname":"","footnotes":""},"class_list":["post-12","page","type-page","status-publish","hentry"],"_links":{"self":[{"href":"https:\/\/recese.com\/index.php\/wp-json\/wp\/v2\/pages\/12","targetHints":{"allow":["GET"]}}],"collection":[{"href":"https:\/\/recese.com\/index.php\/wp-json\/wp\/v2\/pages"}],"about":[{"href":"https:\/\/recese.com\/index.php\/wp-json\/wp\/v2\/types\/page"}],"author":[{"embeddable":true,"href":"https:\/\/recese.com\/index.php\/wp-json\/wp\/v2\/users\/1"}],"replies":[{"embeddable":true,"href":"https:\/\/recese.com\/index.php\/wp-json\/wp\/v2\/comments?post=12"}],"version-history":[{"count":22,"href":"https:\/\/recese.com\/index.php\/wp-json\/wp\/v2\/pages\/12\/revisions"}],"predecessor-version":[{"id":102,"href":"https:\/\/recese.com\/index.php\/wp-json\/wp\/v2\/pages\/12\/revisions\/102"}],"wp:attachment":[{"href":"https:\/\/recese.com\/index.php\/wp-json\/wp\/v2\/media?parent=12"}],"curies":[{"name":"wp","href":"https:\/\/api.w.org\/{rel}","templated":true}]}}